{"id":97,"date":"2020-03-20T12:20:20","date_gmt":"2020-03-20T11:20:20","guid":{"rendered":"https:\/\/nms-hainburg.at\/wordpress\/?page_id=97"},"modified":"2023-10-08T17:10:51","modified_gmt":"2023-10-08T15:10:51","slug":"mittelschulgemeinde","status":"publish","type":"page","link":"https:\/\/nms-hainburg.at\/wordpress\/mittelschulgemeinde\/","title":{"rendered":"Mittelschulgemeinde"},"content":{"rendered":"\n<p>Durch ein Landesgesetz wurde 1959 die Hauptschulgemeinde als Schulerhalter geschaffen. <br>Sitz des Schulerhalters ist der Schulstandort Hainburg, dazu kommen die Sprengelgemeinden, Bad Deutsch Altenburg, Berg, Hundsheim, Petronell, Prellenkirchen und Wolfsthal.  <br><br>Die Finanzierung der Schule erfolgt durch diese Sprengelgemeinden. <br>Die Beitr\u00e4ge richten sich nach der Zahl der die Schule besuchenden Kinder. Der Ausschuss der Schulgemeinde unter einem bestellten Obmann setzt sich aus den Vertretern der Gemeinden, der Direktorin, dem Schularzt, dem Pfarrer und einem Vertreter des Elternvereines zusammen. <br>Er beschlie\u00dft die Vorhaben und erstellt das Budget.<br><br>Die Mittelschulgemeinde unterst\u00fctzt die Umsetzung des BO-Standortkonzepts durch Bereitstellung finanzieller Mittel f\u00fcr Fahrten zu Veranstaltungen au\u00dferhalb der Schule.<\/p>\n\n\n\n<p><br><br><\/p>\n\n\n\n<div class=\"wp-block-columns is-layout-flex wp-container-4 wp-block-columns-is-layout-flex\">\n<div class=\"wp-block-column is-layout-flow wp-block-column-is-layout-flow\" style=\"flex-basis:30%\">\n<p><strong>Obmann<\/strong> <br>KALTENBRUNNER Dieter<\/p>\n\n\n\n<p><strong>Sekretariat<\/strong><br>GR\u00dcSSENB\u00d6CK Kerstin<\/p>\n\n\n\n<p><strong>Schulwart<\/strong><br>WALD Alexander<\/p>\n<\/div>\n\n\n\n<div class=\"wp-block-column is-layout-flow wp-block-column-is-layout-flow\" style=\"flex-basis:35%\">\n<p> <br>+43 664 6123035 <\/p>\n\n\n\n<p><br>+43 2165 62111 745<\/p>\n\n\n\n<p><br>+43 2165 62111 518<\/p>\n<\/div>\n\n\n\n<div class=\"wp-block-column is-layout-flow wp-block-column-is-layout-flow\" style=\"flex-basis:35%\">\n<p><br><a href=\"mailto:gr.dieter.kaltenbrunner@gmail.com\" target=\"_blank\" rel=\"noreferrer noopener\"><img decoding=\"async\" loading=\"lazy\" width=\"26\" height=\"26\" class=\"wp-image-1047\" style=\"width: 26px;\" src=\"https:\/\/nms-hainburg.at\/wordpress\/wp-content\/uploads\/2020\/06\/e-mail-XII-e1591765531801.jpg\" alt=\"\"><\/a><br><em><strong><a rel=\"noreferrer noopener\" href=\"mailto:office@nms-hainburg.at\" target=\"_blank\"><\/a><\/strong><\/em><\/p>\n\n\n\n<p><br><a href=\"mailto:office@nms-hainburg.at\" target=\"_blank\" rel=\"noreferrer noopener\"><img decoding=\"async\" loading=\"lazy\" width=\"26\" height=\"26\" class=\"wp-image-1047\" style=\"width: 26px;\" src=\"https:\/\/nms-hainburg.at\/wordpress\/wp-content\/uploads\/2020\/06\/e-mail-XII-e1591765531801.jpg\" alt=\"\"><\/a><\/p>\n\n\n\n<p><br><a href=\"mailto:schulwart@nms-hainburg.at\" target=\"_blank\" rel=\"noreferrer noopener\"><img decoding=\"async\" loading=\"lazy\" width=\"26\" height=\"26\" class=\"wp-image-1047\" style=\"width: 26px;\" src=\"https:\/\/nms-hainburg.at\/wordpress\/wp-content\/uploads\/2020\/06\/e-mail-XII-e1591765531801.jpg\" alt=\"\"><\/a><\/p>\n<\/div>\n<\/div>\n\n\n\n<p><\/p>\n","protected":false},"excerpt":{"rendered":"<p>Durch ein Landesgesetz wurde 1959 die Hauptschulgemeinde als Schulerhalter geschaffen. Sitz des Schulerhalters ist der Schulstandort Hainburg, dazu kommen die Sprengelgemeinden, Bad Deutsch Altenburg, Berg, Hundsheim, Petronell, Prellenkirchen und Wolfsthal. Die Finanzierung der Schule erfolgt durch diese Sprengelgemeinden. Die Beitr\u00e4ge richten sich nach der Zahl der die Schule besuchenden Kinder. Der Ausschuss der Schulgemeinde unter [&hellip;]<\/p>\n","protected":false},"author":3,"featured_media":0,"parent":0,"menu_order":0,"comment_status":"closed","ping_status":"closed","template":"","meta":{"ngg_post_thumbnail":0,"footnotes":""},"_links":{"self":[{"href":"https:\/\/nms-hainburg.at\/wordpress\/wp-json\/wp\/v2\/pages\/97"}],"collection":[{"href":"https:\/\/nms-hainburg.at\/wordpress\/wp-json\/wp\/v2\/pages"}],"about":[{"href":"https:\/\/nms-hainburg.at\/wordpress\/wp-json\/wp\/v2\/types\/page"}],"author":[{"embeddable":true,"href":"https:\/\/nms-hainburg.at\/wordpress\/wp-json\/wp\/v2\/users\/3"}],"replies":[{"embeddable":true,"href":"https:\/\/nms-hainburg.at\/wordpress\/wp-json\/wp\/v2\/comments?post=97"}],"version-history":[{"count":36,"href":"https:\/\/nms-hainburg.at\/wordpress\/wp-json\/wp\/v2\/pages\/97\/revisions"}],"predecessor-version":[{"id":3687,"href":"https:\/\/nms-hainburg.at\/wordpress\/wp-json\/wp\/v2\/pages\/97\/revisions\/3687"}],"wp:attachment":[{"href":"https:\/\/nms-hainburg.at\/wordpress\/wp-json\/wp\/v2\/media?parent=97"}],"curies":[{"name":"wp","href":"https:\/\/api.w.org\/{rel}","templated":true}]}}