{"id":8,"date":"2020-01-29T18:31:27","date_gmt":"2020-01-29T17:31:27","guid":{"rendered":"https:\/\/nms-hainburg.at\/wordpress\/?page_id=8"},"modified":"2025-11-25T11:44:55","modified_gmt":"2025-11-25T10:44:55","slug":"startseite","status":"publish","type":"page","link":"https:\/\/nms-hainburg.at\/wordpress\/","title":{"rendered":"MS Hainburg an der Donau"},"content":{"rendered":"\n<div class=\"wp-block-buttons is-layout-flex wp-block-buttons-is-layout-flex\">\n<div class=\"wp-block-button has-custom-font-size is-style-outline has-medium-font-size\"><a class=\"wp-block-button__link has-vivid-cyan-blue-color has-luminous-vivid-amber-background-color has-text-color has-background wp-element-button\" href=\"https:\/\/nms-hainburg.at\/wordpress\/wp-content\/uploads\/2025\/11\/folder-neu2.pdf\" target=\"_blank\" rel=\"noreferrer noopener\"><strong>Info-Flyer herunterladen<\/strong><\/a><\/div>\n<\/div>\n\n\n\n<p><\/p>\n\n\n\n<figure class=\"wp-block-image size-large\"><img decoding=\"async\" loading=\"lazy\" width=\"1024\" height=\"768\" src=\"https:\/\/nms-hainburg.at\/wordpress\/wp-content\/uploads\/2022\/12\/titelbild-mit-logos-NEU-X-1024x768.jpg\" alt=\"\" class=\"wp-image-3405\" srcset=\"https:\/\/nms-hainburg.at\/wordpress\/wp-content\/uploads\/2022\/12\/titelbild-mit-logos-NEU-X-1024x768.jpg 1024w, https:\/\/nms-hainburg.at\/wordpress\/wp-content\/uploads\/2022\/12\/titelbild-mit-logos-NEU-X-300x225.jpg 300w, https:\/\/nms-hainburg.at\/wordpress\/wp-content\/uploads\/2022\/12\/titelbild-mit-logos-NEU-X-768x576.jpg 768w, https:\/\/nms-hainburg.at\/wordpress\/wp-content\/uploads\/2022\/12\/titelbild-mit-logos-NEU-X.jpg 1098w\" sizes=\"(max-width: 1024px) 100vw, 1024px\" \/><\/figure>\n\n\n\n<p class=\"has-medium-font-size\"><strong>Deine Schule f\u00fcr eine gute Ausbildung und eine sichere Zukunft! <\/strong><\/p>\n\n\n\n<div style=\"height:20px\" aria-hidden=\"true\" class=\"wp-block-spacer\"><\/div>\n\n\n<ul class=\"wp-block-latest-posts__list wp-block-latest-posts\"><li><a class=\"wp-block-latest-posts__post-title\" href=\"https:\/\/nms-hainburg.at\/wordpress\/2026\/04\/23\/dialog-im-dunkeln-2\/\">Dialog im Dunkeln<\/a><div class=\"wp-block-latest-posts__post-excerpt\">Die Ausstellung Dialog im Dunkeln ist eine besondere Erfahrung, bei \u00a0\u2026 <a href=\"https:\/\/nms-hainburg.at\/wordpress\/2026\/04\/23\/dialog-im-dunkeln-2\/\" rel=\"noopener noreferrer\">Weiterlesen<\/a><\/div><\/li>\n<li><a class=\"wp-block-latest-posts__post-title\" href=\"https:\/\/nms-hainburg.at\/wordpress\/2026\/04\/23\/yoga-workshop\/\">Yoga-Workshop<\/a><div class=\"wp-block-latest-posts__post-excerpt\">Eine ruhige Auszeit im Schulalltag!Manchmal braucht es nur einen kleinen \u00a0\u2026 <a href=\"https:\/\/nms-hainburg.at\/wordpress\/2026\/04\/23\/yoga-workshop\/\" rel=\"noopener noreferrer\">Weiterlesen<\/a><\/div><\/li>\n<li><a class=\"wp-block-latest-posts__post-title\" href=\"https:\/\/nms-hainburg.at\/wordpress\/2026\/04\/23\/workshop-sicheres-fallen-an-der-schule\/\">Workshop &#8222;Sicheres Fallen&#8220; an der Schule<\/a><div class=\"wp-block-latest-posts__post-excerpt\">Im M\u00e4rz fanden an unserer Schule mehrere Workshops zum Thema \u00a0\u2026 <a href=\"https:\/\/nms-hainburg.at\/wordpress\/2026\/04\/23\/workshop-sicheres-fallen-an-der-schule\/\" rel=\"noopener noreferrer\">Weiterlesen<\/a><\/div><\/li>\n<li><a class=\"wp-block-latest-posts__post-title\" href=\"https:\/\/nms-hainburg.at\/wordpress\/2026\/04\/23\/besuch-der-gedenkstaette-mauthausen\/\">Besuch der Gedenkst\u00e4tte Mauthausen<\/a><div class=\"wp-block-latest-posts__post-excerpt\">Am Mittwoch, dem 4. M\u00e4rz 2026, unternahmen die 4. Klassen \u00a0\u2026 <a href=\"https:\/\/nms-hainburg.at\/wordpress\/2026\/04\/23\/besuch-der-gedenkstaette-mauthausen\/\" rel=\"noopener noreferrer\">Weiterlesen<\/a><\/div><\/li>\n<li><a class=\"wp-block-latest-posts__post-title\" href=\"https:\/\/nms-hainburg.at\/wordpress\/2026\/03\/20\/schikurs-der-2-klassen-am-klippitztoerl\/\">Schikurs der 2. Klassen am Klippitzt\u00f6rl<\/a><div class=\"wp-block-latest-posts__post-excerpt\">&nbsp;Von 15.3. bis 20.3. verbrachten unsere 2. Klassen eine erlebnisreiche \u00a0\u2026 <a href=\"https:\/\/nms-hainburg.at\/wordpress\/2026\/03\/20\/schikurs-der-2-klassen-am-klippitztoerl\/\" rel=\"noopener noreferrer\">Weiterlesen<\/a><\/div><\/li>\n<li><a class=\"wp-block-latest-posts__post-title\" href=\"https:\/\/nms-hainburg.at\/wordpress\/2026\/03\/04\/fussball-freundschaftsspiel\/\">Fu\u00dfball Freundschaftsspiel<\/a><div class=\"wp-block-latest-posts__post-excerpt\">Gut gelaunt und mit den neuen Trikots in der Tasche, \u00a0\u2026 <a href=\"https:\/\/nms-hainburg.at\/wordpress\/2026\/03\/04\/fussball-freundschaftsspiel\/\" rel=\"noopener noreferrer\">Weiterlesen<\/a><\/div><\/li>\n<li><a class=\"wp-block-latest-posts__post-title\" href=\"https:\/\/nms-hainburg.at\/wordpress\/2026\/03\/03\/bereit-fuer-die-sparkasse-schuelerliga-2026\/\">Bereit f\u00fcr die Sparkasse Sch\u00fclerliga 2026<\/a><div class=\"wp-block-latest-posts__post-excerpt\">Mit gro\u00dfer Freude durften unsere Sch\u00fcler ihre neuen Trikots f\u00fcr \u00a0\u2026 <a href=\"https:\/\/nms-hainburg.at\/wordpress\/2026\/03\/03\/bereit-fuer-die-sparkasse-schuelerliga-2026\/\" rel=\"noopener noreferrer\">Weiterlesen<\/a><\/div><\/li>\n<li><a class=\"wp-block-latest-posts__post-title\" href=\"https:\/\/nms-hainburg.at\/wordpress\/2026\/02\/18\/lehrausgang-zur-ausstellung-koerperwelten\/\">Lehrausgang zur Ausstellung &#8222;K\u00f6rperwelten&#8220;<\/a><div class=\"wp-block-latest-posts__post-excerpt\">Am 18. Februar besuchten Sch\u00fclerinnen und Sch\u00fcler der vierten Klassen, \u00a0\u2026 <a href=\"https:\/\/nms-hainburg.at\/wordpress\/2026\/02\/18\/lehrausgang-zur-ausstellung-koerperwelten\/\" rel=\"noopener noreferrer\">Weiterlesen<\/a><\/div><\/li>\n<\/ul>","protected":false},"excerpt":{"rendered":"<p>Deine Schule f\u00fcr eine gute Ausbildung und eine sichere Zukunft!<\/p>\n","protected":false},"author":3,"featured_media":0,"parent":0,"menu_order":0,"comment_status":"closed","ping_status":"closed","template":"","meta":{"ngg_post_thumbnail":0,"footnotes":""},"_links":{"self":[{"href":"https:\/\/nms-hainburg.at\/wordpress\/wp-json\/wp\/v2\/pages\/8"}],"collection":[{"href":"https:\/\/nms-hainburg.at\/wordpress\/wp-json\/wp\/v2\/pages"}],"about":[{"href":"https:\/\/nms-hainburg.at\/wordpress\/wp-json\/wp\/v2\/types\/page"}],"author":[{"embeddable":true,"href":"https:\/\/nms-hainburg.at\/wordpress\/wp-json\/wp\/v2\/users\/3"}],"replies":[{"embeddable":true,"href":"https:\/\/nms-hainburg.at\/wordpress\/wp-json\/wp\/v2\/comments?post=8"}],"version-history":[{"count":103,"href":"https:\/\/nms-hainburg.at\/wordpress\/wp-json\/wp\/v2\/pages\/8\/revisions"}],"predecessor-version":[{"id":5073,"href":"https:\/\/nms-hainburg.at\/wordpress\/wp-json\/wp\/v2\/pages\/8\/revisions\/5073"}],"wp:attachment":[{"href":"https:\/\/nms-hainburg.at\/wordpress\/wp-json\/wp\/v2\/media?parent=8"}],"curies":[{"name":"wp","href":"https:\/\/api.w.org\/{rel}","templated":true}]}}