{"id":355,"date":"2020-03-28T13:06:32","date_gmt":"2020-03-28T12:06:32","guid":{"rendered":"https:\/\/nms-hainburg.at\/wordpress\/?page_id=355"},"modified":"2023-12-05T11:25:51","modified_gmt":"2023-12-05T10:25:51","slug":"kooperationen-sponsoren","status":"publish","type":"page","link":"https:\/\/nms-hainburg.at\/wordpress\/kooperationen-sponsoren\/","title":{"rendered":"Kooperationen &#8211; Sponsoren"},"content":{"rendered":"\n<h2 class=\"wp-block-heading\">Kooperationspartner<\/h2>\n\n\n\n<div style=\"height:20px\" aria-hidden=\"true\" class=\"wp-block-spacer\"><\/div>\n\n\n\n<div class=\"wp-block-columns is-layout-flex wp-container-3 wp-block-columns-is-layout-flex\">\n<div class=\"wp-block-column is-layout-flow wp-block-column-is-layout-flow\">\n<p class=\"has-text-align-center\"><strong>Nationalpark Donauauen<\/strong><\/p>\n<\/div>\n\n\n\n<div class=\"wp-block-column is-layout-flow wp-block-column-is-layout-flow\"><div class=\"wp-block-image\">\n<figure class=\"aligncenter size-large\"><img decoding=\"async\" loading=\"lazy\" width=\"309\" height=\"177\" src=\"https:\/\/nms-hainburg.at\/wordpress\/wp-content\/uploads\/2020\/04\/nationalpark.jpg\" alt=\"\" class=\"wp-image-765\" srcset=\"https:\/\/nms-hainburg.at\/wordpress\/wp-content\/uploads\/2020\/04\/nationalpark.jpg 309w, https:\/\/nms-hainburg.at\/wordpress\/wp-content\/uploads\/2020\/04\/nationalpark-300x172.jpg 300w\" sizes=\"(max-width: 309px) 100vw, 309px\" \/><\/figure><\/div><\/div>\n<\/div>\n\n\n\n<div class=\"wp-block-columns is-layout-flex wp-container-6 wp-block-columns-is-layout-flex\">\n<div class=\"wp-block-column is-layout-flow wp-block-column-is-layout-flow\"><div class=\"wp-block-image\">\n<figure class=\"aligncenter size-large is-resized\"><img decoding=\"async\" src=\"https:\/\/nms-hainburg.at\/wordpress\/wp-content\/uploads\/2020\/05\/ph-partnerschule-blech.jpg\" alt=\"\" class=\"wp-image-1001\" style=\"width:283px;height:215px\"\/><\/figure><\/div><\/div>\n\n\n\n<div class=\"wp-block-column is-layout-flow wp-block-column-is-layout-flow\">\n<p class=\"has-text-align-center\"><strong>P\u00e4dagogische Hochschule N\u00d6<\/strong><\/p>\n<\/div>\n<\/div>\n\n\n\n<div class=\"wp-block-columns is-layout-flex wp-container-9 wp-block-columns-is-layout-flex\">\n<div class=\"wp-block-column is-layout-flow wp-block-column-is-layout-flow\"><\/div>\n\n\n\n<div class=\"wp-block-column is-layout-flow wp-block-column-is-layout-flow\"><\/div>\n<\/div>\n\n\n\n<div class=\"wp-block-columns is-layout-flex wp-container-12 wp-block-columns-is-layout-flex\">\n<div class=\"wp-block-column is-layout-flow wp-block-column-is-layout-flow\"><div class=\"wp-block-image\">\n<figure class=\"aligncenter size-large is-resized\"><img decoding=\"async\" loading=\"lazy\" width=\"1024\" height=\"282\" src=\"https:\/\/nms-hainburg.at\/wordpress\/wp-content\/uploads\/2020\/10\/Jugend-LOGO-RLC-300-dpi-NEU-1024x282.jpg\" alt=\"\" class=\"wp-image-1252\" style=\"width:277px;height:76px\" srcset=\"https:\/\/nms-hainburg.at\/wordpress\/wp-content\/uploads\/2020\/10\/Jugend-LOGO-RLC-300-dpi-NEU-1024x282.jpg 1024w, https:\/\/nms-hainburg.at\/wordpress\/wp-content\/uploads\/2020\/10\/Jugend-LOGO-RLC-300-dpi-NEU-300x83.jpg 300w, https:\/\/nms-hainburg.at\/wordpress\/wp-content\/uploads\/2020\/10\/Jugend-LOGO-RLC-300-dpi-NEU-768x212.jpg 768w, https:\/\/nms-hainburg.at\/wordpress\/wp-content\/uploads\/2020\/10\/Jugend-LOGO-RLC-300-dpi-NEU-1536x423.jpg 1536w, https:\/\/nms-hainburg.at\/wordpress\/wp-content\/uploads\/2020\/10\/Jugend-LOGO-RLC-300-dpi-NEU-2048x564.jpg 2048w\" sizes=\"(max-width: 1024px) 100vw, 1024px\" \/><\/figure><\/div><\/div>\n\n\n\n<div class=\"wp-block-column is-layout-flow wp-block-column-is-layout-flow\">\n<p class=\"has-text-align-center\"><strong>R\u00f6merland Carnuntum<\/strong> <strong>Jugend<\/strong><\/p>\n<\/div>\n<\/div>\n\n\n\n<div class=\"wp-block-columns is-layout-flex wp-container-15 wp-block-columns-is-layout-flex\">\n<div class=\"wp-block-column is-layout-flow wp-block-column-is-layout-flow\">\n<p class=\"has-text-align-center\"><strong>Jugendarbeit<\/strong> <strong>2410<\/strong><\/p>\n<\/div>\n\n\n\n<div class=\"wp-block-column is-layout-flow wp-block-column-is-layout-flow\">\n<figure class=\"wp-block-image size-large\"><img decoding=\"async\" loading=\"lazy\" width=\"1024\" height=\"476\" src=\"https:\/\/nms-hainburg.at\/wordpress\/wp-content\/uploads\/2020\/10\/logosprayfinal-NEU-1024x476.jpg\" alt=\"\" class=\"wp-image-1251\" srcset=\"https:\/\/nms-hainburg.at\/wordpress\/wp-content\/uploads\/2020\/10\/logosprayfinal-NEU-1024x476.jpg 1024w, https:\/\/nms-hainburg.at\/wordpress\/wp-content\/uploads\/2020\/10\/logosprayfinal-NEU-300x139.jpg 300w, https:\/\/nms-hainburg.at\/wordpress\/wp-content\/uploads\/2020\/10\/logosprayfinal-NEU-768x357.jpg 768w, https:\/\/nms-hainburg.at\/wordpress\/wp-content\/uploads\/2020\/10\/logosprayfinal-NEU-1536x714.jpg 1536w, https:\/\/nms-hainburg.at\/wordpress\/wp-content\/uploads\/2020\/10\/logosprayfinal-NEU-2048x951.jpg 2048w\" sizes=\"(max-width: 1024px) 100vw, 1024px\" \/><\/figure>\n<\/div>\n<\/div>\n\n\n\n<div style=\"height:20px\" aria-hidden=\"true\" class=\"wp-block-spacer\"><\/div>\n\n\n\n<div style=\"height:20px\" aria-hidden=\"true\" class=\"wp-block-spacer\"><\/div>\n\n\n\n<h2 class=\"wp-block-heading\">Sponsoren und Unterst\u00fctzer<\/h2>\n\n\n\n<div style=\"height:20px\" aria-hidden=\"true\" class=\"wp-block-spacer\"><\/div>\n\n\n\n<div class=\"wp-block-columns is-layout-flex wp-container-19 wp-block-columns-is-layout-flex\">\n<div class=\"wp-block-column is-layout-flow wp-block-column-is-layout-flow\">\n<div class=\"wp-block-group is-layout-flow wp-block-group-is-layout-flow\"><div class=\"wp-block-group__inner-container\"><div class=\"wp-block-image\">\n<figure class=\"aligncenter size-large\"><img decoding=\"async\" loading=\"lazy\" width=\"700\" height=\"288\" src=\"https:\/\/nms-hainburg.at\/wordpress\/wp-content\/uploads\/2020\/10\/lions-neu-II.gif\" alt=\"\" class=\"wp-image-1249\"\/><\/figure><\/div><\/div><\/div>\n<\/div>\n\n\n\n<div class=\"wp-block-column is-layout-flow wp-block-column-is-layout-flow\">\n<p class=\"has-text-align-center\"><strong>Lions Club Hainburg<\/strong><\/p>\n<\/div>\n<\/div>\n\n\n\n<div class=\"wp-block-columns is-layout-flex wp-container-22 wp-block-columns-is-layout-flex\">\n<div class=\"wp-block-column is-layout-flow wp-block-column-is-layout-flow\">\n<p class=\"has-text-align-center\"><strong>Sparkasse Privatstiftung<\/strong><\/p>\n<\/div>\n\n\n\n<div class=\"wp-block-column is-layout-flow wp-block-column-is-layout-flow\"><div class=\"wp-block-image\">\n<figure class=\"aligncenter size-large is-resized\"><img decoding=\"async\" loading=\"lazy\" width=\"234\" height=\"101\" src=\"https:\/\/nms-hainburg.at\/wordpress\/wp-content\/uploads\/2020\/03\/\u206esparkassenstiftung-1.jpg\" alt=\"\" class=\"wp-image-641\" style=\"width:220px\"\/><\/figure><\/div><\/div>\n<\/div>\n\n\n\n<div class=\"wp-block-columns is-layout-flex wp-container-25 wp-block-columns-is-layout-flex\">\n<div class=\"wp-block-column is-layout-flow wp-block-column-is-layout-flow\"><div class=\"wp-block-image\">\n<figure class=\"aligncenter size-large is-resized\"><img decoding=\"async\" loading=\"lazy\" width=\"300\" height=\"240\" src=\"https:\/\/nms-hainburg.at\/wordpress\/wp-content\/uploads\/2020\/03\/computer-k\u00f6ck.png\" alt=\"\" class=\"wp-image-595\" style=\"width:220px;height:181px\"\/><\/figure><\/div><\/div>\n\n\n\n<div class=\"wp-block-column is-layout-flow wp-block-column-is-layout-flow\">\n<p class=\"has-text-align-center\"><strong>Computer K\u00f6ck<\/strong><\/p>\n<\/div>\n<\/div>\n\n\n<div class=\"wp-block-image\">\n<figure class=\"aligncenter size-large is-resized\"><img decoding=\"async\" loading=\"lazy\" width=\"340\" height=\"206\" src=\"https:\/\/nms-hainburg.at\/wordpress\/wp-content\/uploads\/2020\/04\/h\u00e4ndereichen-II-kopie.jpg\" alt=\"\" class=\"wp-image-979\" style=\"width:331px;height:200px\" srcset=\"https:\/\/nms-hainburg.at\/wordpress\/wp-content\/uploads\/2020\/04\/h\u00e4ndereichen-II-kopie.jpg 340w, https:\/\/nms-hainburg.at\/wordpress\/wp-content\/uploads\/2020\/04\/h\u00e4ndereichen-II-kopie-300x182.jpg 300w\" sizes=\"(max-width: 340px) 100vw, 340px\" \/><\/figure><\/div>","protected":false},"excerpt":{"rendered":"<p>Kooperationspartner Nationalpark Donauauen P\u00e4dagogische Hochschule N\u00d6 R\u00f6merland Carnuntum Jugend Jugendarbeit 2410 Sponsoren und Unterst\u00fctzer Lions Club Hainburg Sparkasse Privatstiftung Computer K\u00f6ck<\/p>\n","protected":false},"author":3,"featured_media":0,"parent":0,"menu_order":0,"comment_status":"closed","ping_status":"closed","template":"","meta":{"ngg_post_thumbnail":0,"footnotes":""},"_links":{"self":[{"href":"https:\/\/nms-hainburg.at\/wordpress\/wp-json\/wp\/v2\/pages\/355"}],"collection":[{"href":"https:\/\/nms-hainburg.at\/wordpress\/wp-json\/wp\/v2\/pages"}],"about":[{"href":"https:\/\/nms-hainburg.at\/wordpress\/wp-json\/wp\/v2\/types\/page"}],"author":[{"embeddable":true,"href":"https:\/\/nms-hainburg.at\/wordpress\/wp-json\/wp\/v2\/users\/3"}],"replies":[{"embeddable":true,"href":"https:\/\/nms-hainburg.at\/wordpress\/wp-json\/wp\/v2\/comments?post=355"}],"version-history":[{"count":38,"href":"https:\/\/nms-hainburg.at\/wordpress\/wp-json\/wp\/v2\/pages\/355\/revisions"}],"predecessor-version":[{"id":4720,"href":"https:\/\/nms-hainburg.at\/wordpress\/wp-json\/wp\/v2\/pages\/355\/revisions\/4720"}],"wp:attachment":[{"href":"https:\/\/nms-hainburg.at\/wordpress\/wp-json\/wp\/v2\/media?parent=355"}],"curies":[{"name":"wp","href":"https:\/\/api.w.org\/{rel}","templated":true}]}}