{"id":346,"date":"2020-03-26T20:34:09","date_gmt":"2020-03-26T19:34:09","guid":{"rendered":"https:\/\/nms-hainburg.at\/wordpress\/?page_id=346"},"modified":"2025-10-07T09:05:08","modified_gmt":"2025-10-07T07:05:08","slug":"informatikraume","status":"publish","type":"page","link":"https:\/\/nms-hainburg.at\/wordpress\/informatikraume\/","title":{"rendered":"Informatikraum"},"content":{"rendered":"\n<p>In der MS-Hainburg haben wir einen Informatikraum, der mit 25 Arbeitspl\u00e4tzen ausgestattet ist. Jedes Kind erh\u00e4lt einen passwortgesch\u00fctzten Zugang und einen kostenlosen office365-Zugang f\u00fcr die Dauer seines Schulbesuchs.  Unsere Ger\u00e4te werden von der Firma K\u00f6ck betreut und in regelm\u00e4\u00dfigen Abst\u00e4nden erneuert.<\/p>\n\n\n\n<div style=\"height:20px\" aria-hidden=\"true\" class=\"wp-block-spacer\"><\/div>\n\n\n\n<div class=\"wp-block-columns is-layout-flex wp-container-3 wp-block-columns-is-layout-flex\">\n<div class=\"wp-block-column is-layout-flow wp-block-column-is-layout-flow\">\n<figure class=\"wp-block-image size-large\"><img decoding=\"async\" loading=\"lazy\" width=\"1024\" height=\"680\" src=\"https:\/\/nms-hainburg.at\/wordpress\/wp-content\/uploads\/2020\/09\/kinder-informatik-1024x680.jpg\" alt=\"\" class=\"wp-image-1156\" srcset=\"https:\/\/nms-hainburg.at\/wordpress\/wp-content\/uploads\/2020\/09\/kinder-informatik-1024x680.jpg 1024w, https:\/\/nms-hainburg.at\/wordpress\/wp-content\/uploads\/2020\/09\/kinder-informatik-300x199.jpg 300w, https:\/\/nms-hainburg.at\/wordpress\/wp-content\/uploads\/2020\/09\/kinder-informatik-768x510.jpg 768w, https:\/\/nms-hainburg.at\/wordpress\/wp-content\/uploads\/2020\/09\/kinder-informatik-1536x1020.jpg 1536w, https:\/\/nms-hainburg.at\/wordpress\/wp-content\/uploads\/2020\/09\/kinder-informatik-2048x1360.jpg 2048w\" sizes=\"(max-width: 1024px) 100vw, 1024px\" \/><\/figure>\n<\/div>\n\n\n\n<div class=\"wp-block-column is-layout-flow wp-block-column-is-layout-flow\">\n<figure class=\"wp-block-image size-large\"><img decoding=\"async\" loading=\"lazy\" width=\"1024\" height=\"680\" src=\"https:\/\/nms-hainburg.at\/wordpress\/wp-content\/uploads\/2020\/09\/informatik-kopfhorer-1024x680.jpg\" alt=\"\" class=\"wp-image-1155\" srcset=\"https:\/\/nms-hainburg.at\/wordpress\/wp-content\/uploads\/2020\/09\/informatik-kopfhorer-1024x680.jpg 1024w, https:\/\/nms-hainburg.at\/wordpress\/wp-content\/uploads\/2020\/09\/informatik-kopfhorer-300x199.jpg 300w, https:\/\/nms-hainburg.at\/wordpress\/wp-content\/uploads\/2020\/09\/informatik-kopfhorer-768x510.jpg 768w, https:\/\/nms-hainburg.at\/wordpress\/wp-content\/uploads\/2020\/09\/informatik-kopfhorer-1536x1020.jpg 1536w, https:\/\/nms-hainburg.at\/wordpress\/wp-content\/uploads\/2020\/09\/informatik-kopfhorer-2048x1360.jpg 2048w\" sizes=\"(max-width: 1024px) 100vw, 1024px\" \/><\/figure>\n<\/div>\n<\/div>\n","protected":false},"excerpt":{"rendered":"<p>In der MS-Hainburg haben wir einen Informatikraum, der mit 25 Arbeitspl\u00e4tzen ausgestattet ist. Jedes Kind erh\u00e4lt einen passwortgesch\u00fctzten Zugang und einen kostenlosen office365-Zugang f\u00fcr die Dauer seines Schulbesuchs. Unsere Ger\u00e4te werden von der Firma K\u00f6ck betreut und in regelm\u00e4\u00dfigen Abst\u00e4nden erneuert.<\/p>\n","protected":false},"author":3,"featured_media":0,"parent":0,"menu_order":0,"comment_status":"closed","ping_status":"closed","template":"","meta":{"ngg_post_thumbnail":0,"footnotes":""},"_links":{"self":[{"href":"https:\/\/nms-hainburg.at\/wordpress\/wp-json\/wp\/v2\/pages\/346"}],"collection":[{"href":"https:\/\/nms-hainburg.at\/wordpress\/wp-json\/wp\/v2\/pages"}],"about":[{"href":"https:\/\/nms-hainburg.at\/wordpress\/wp-json\/wp\/v2\/types\/page"}],"author":[{"embeddable":true,"href":"https:\/\/nms-hainburg.at\/wordpress\/wp-json\/wp\/v2\/users\/3"}],"replies":[{"embeddable":true,"href":"https:\/\/nms-hainburg.at\/wordpress\/wp-json\/wp\/v2\/comments?post=346"}],"version-history":[{"count":9,"href":"https:\/\/nms-hainburg.at\/wordpress\/wp-json\/wp\/v2\/pages\/346\/revisions"}],"predecessor-version":[{"id":4806,"href":"https:\/\/nms-hainburg.at\/wordpress\/wp-json\/wp\/v2\/pages\/346\/revisions\/4806"}],"wp:attachment":[{"href":"https:\/\/nms-hainburg.at\/wordpress\/wp-json\/wp\/v2\/media?parent=346"}],"curies":[{"name":"wp","href":"https:\/\/api.w.org\/{rel}","templated":true}]}}