{"id":335,"date":"2020-03-26T14:40:46","date_gmt":"2020-03-26T13:40:46","guid":{"rendered":"https:\/\/nms-hainburg.at\/wordpress\/?page_id=335"},"modified":"2025-10-07T08:46:24","modified_gmt":"2025-10-07T06:46:24","slug":"chronik","status":"publish","type":"page","link":"https:\/\/nms-hainburg.at\/wordpress\/chronik\/","title":{"rendered":"Chronik"},"content":{"rendered":"\n<p><strong>Die geschichtliche und organisatorische Entwicklung der Hauptschule Hainburg<\/strong> <strong>im \u00dcberblick. <\/strong><strong> <br> <\/strong><br><strong>1907 &#8211; 1908\u00a0\u00a0 Errichtung der B\u00fcrgerschule<\/strong><br> 1907 wurde mit dem Bau einer B\u00fcrgerschule f\u00fcr Knaben und M\u00e4dchen begonnen. Am 8. September 1908 wurde die Schule feierlich eingeweiht und durfte zur Erinnerung an das 60. Regierungsjubil\u00e4um des \u00f6sterreichischen Kaisers den Namen &#8222;Kaiser Franz Josef I. Jubil\u00e4ums-B\u00fcrgerschule&#8220; f\u00fchren.<br> <br>Organisation der B\u00fcrgerschule<br> <br>Die dreiklassige B\u00fcrgerschule folgt der f\u00fcnfklassigen allgemeinen Volksschule. Sie soll die theoretische fachliche Vorbildung leisten und die Sch\u00fcler auf den Besuch von Fachschulen, bzw. h\u00f6heren Schulen vorbereiten.<br> <br><strong>1908\u00a0\u00a0 Aufnahme des B\u00fcrgerschulbetriebs<br><\/strong>1908 wird f\u00fcr insgesamt 205 Knaben und M\u00e4dchen mit je einem 1. und einem 2. Jahrgang der B\u00fcrgerschulbetrieb in Hainburg begonnen.<br><br><strong>1927 &#8211; 28\u00a0\u00a0 Einf\u00fchrung der Hauptschule<\/strong><br>Mit dem Ende der 4. Klasse der Volksschule werden die Sch\u00fcler nach ihren Leistungen zum Besuch des Ersten oder des Zweiten Klassenzuges der vierklassig (5. bis 8. Schulstufe) gef\u00fchrten Hauptschule eingeteilt.<br><br><strong>1933 &#8211; 34\u00a0\u00a0 Die Hauptschule Hainburg erreicht ihre volle Organisationsform<\/strong><br>Im Schuljahr 1933\/34 hat die Hauptschule in Hainburg ihre volle Organisationsform mit 16 Klassen (je 8 Knaben- und 8 M\u00e4dchenklassen in 4 Schulstufen, zweiz\u00fcgig gef\u00fchrt) und insgesamt 571 Sch\u00fclerinnen und Sch\u00fclern erreicht.<br> <br><strong>1938 &#8211; 39   <strong>Hauptschule<\/strong><\/strong> <strong>und &#8222;Mittelschule&#8220;<\/strong><br>Mit Beginn des Schuljahres 1938\/39 wird an die Hauptschule eine Mittelschule (5. und 6. Klasse) mit &#8222;kleinem Abitur&#8220; angeschlossen. Die Absolventen der 4. Klassen Hauptschule k\u00f6nnen freiwillig in die 5. Klasse \u00fcbertreten. Die allgemeine Schulpflicht endet mit dem 4. Hauptschuljahr.<br> <br><strong>1940 <\/strong>\u00a0<strong>Teilung des Schuljahres in Trimester und Einf\u00fchrung einer zehnstufigen Notenskala eingef\u00fchrt.<br> <br>1947 &#8211; 48   <strong>Hauptschule<\/strong><br><\/strong>Die 5. und 6. Klasse sind 1946 ausgelaufen, die Hauptschule wird wieder zweiz\u00fcgig in 4 Jahrg\u00e4ngen gef\u00fchrt. Probeweise wird ein &#8222;9. Schuljahr&#8220; eingef\u00fchrt.<br> <br><strong>1952 &#8211; 53<\/strong> \u00a0\u00a0<strong>Sch\u00fclerh\u00f6chststand<br><\/strong>In diesem Schuljahr wird mit 652 Sch\u00fclerinnen und Sch\u00fclern in 18 Klassen der h\u00f6chste Sch\u00fclerstand an der Hauptschule Hainburg verzeichnet.<br> <br><strong>1953 &#8211; 1955 \u00a0\u00a0Zubau von 6 Klassen, 2 Werkr\u00e4umen und mehreren Nebenr\u00e4umen.<\/strong><br> <br><strong>1968<\/strong> \u00a0\u00a0<strong>Trennung der Doppelhauptschule in zwei eigenst\u00e4ndige Schulen<\/strong><br>Mit 1.1.1968 wird die, bisher als Doppelhauptschule gef\u00fchrte, Schule in zwei selbstst\u00e4ndige Hauptschulen umgewandelt mit zwei Schulleitungen und getrennten Lehrerkollegien.<br> An der Hauptschule f\u00fcr Knaben unterrichten 12 Lehrkr\u00e4fte in 8 Klassen und im angeschlossenen Polytechnischen Lehrgang insgesamt 227 Sch\u00fcler, an der Hauptschule f\u00fcr M\u00e4dchen unterrichten 11 Lehrkr\u00e4fte 242 Sch\u00fclerinnen in 8 Klassen.<br> <br><strong>1975 \u00a0\u00a0Hauptschule I und Hauptschule II Hainburg<\/strong><br> Die Trennung nach Geschlechtern wird aufgehoben und die Koedukation eingef\u00fchrt. Damit ist eine \u00c4nderung der Schulbenennung notwendig. Die Hauptschule f\u00fcr Knaben wird in Hauptschule I und die Hauptschule f\u00fcr M\u00e4dchen wird in Hauptschule II umbenannt.<br> <br><strong>1985\u00a0\u00a0 Die &#8222;neue Hauptschule&#8220;<\/strong><br>Aufhebung der Klassenz\u00fcge, die Sch\u00fcler werden in so genannte &#8222;heterogene Stammklassen&#8220; eingeteilt (nicht nach ihren schulischen Leistungen). In den Unterrichtsf\u00e4chern Deutsch, Englisch und Mathematik werden die Sch\u00fcler in Gruppen (meist 3) eingeteilt und nach einem Beobachtungszeitraum von 10\u201315 Wochen in drei Leistungsgruppen eingestuft.<br> <br>F\u00f6rderunterricht soll dazu beitragen, dass ein Abstufen verhindert, ein Aufstufen erm\u00f6glicht werden kann.<br> <br>Der Lehrplan der I. Leistungsgruppe ist identisch mit dem, des Gymnasiums. Ein Nicht Gen\u00fcgend in einem dieser leistungsdifferenzierten Gegenst\u00e4nde bedeutet eine Abstufung in die niedrigere Leistungsgruppe,<br>ein Sehr Gut die Aufstufung in die h\u00f6here.<br> <br><strong>1992 \u00a0\u00a0Einf\u00fchrung der &#8222;Schulautonomie&#8220;<br> <\/strong>Die &#8222;Schulautonomie&#8220; gibt den Schulen einen gesetzlichen Rahmen vor, in dem \u00c4nderungen der Stundentafel erm\u00f6glicht werden, um standortbedingte M\u00f6glichkeiten zur Individualisierung auszun\u00fctzen oder unterrichtsm\u00e4\u00dfige Schwerpunkte zu setzen. Da rund 60 % der Abg\u00e4nger der HS Hainburg einen weiteren schulischen Bildungsweg einschlagen, wurde nach Befragung von Lehrern, Eltern und Sch\u00fclern nicht auf eine Schwerpunktsetzung hingearbeitet, sondern versucht ein breites Bildungsangebot mit Forcierung der Fremdsprachen und der Informationstechnologien zu erm\u00f6glichen (ab 1994).<br> <br><strong>1992 \u00a0\u00a0Neugestaltung des Schulhofes und der Sportst\u00e4tten<br><\/strong>Im September 1992 wird die im Schulhof neu errichtete Sportanlage mit drei Laufbahnen mit 60m, zwei Sprungbahnen und einem Volleyballfeld er\u00f6ffnet.<br> <br><strong>1996 &#8211; 1998 \u00a0\u00a0Ausbau des Dachgeschosses<\/strong>:<br>In diesen Jahren wird das Dachgeschoss ausgebaut, um Platz f\u00fcr 4 Gruppenr\u00e4ume, eine Bibliothek, ein Musikzimmer, ein Werksaal f\u00fcr Textiles Werken und einige Nebenr\u00e4ume zu schaffen<br> <br><strong>1999 \u00a0\u00a0Einf\u00fchrung der &#8222;5-Tage-Woche&#8220;<br><\/strong>Mit dem Schuljahr 1999\/2000 wird an den beiden Hainburger Hauptschulen die 5-Tage-Woche eingef\u00fchrt. Parallel dazu werden im Rahmen der Schulautonomie Umstellungen der Stundentafel vorgenommen und Informatik und Englische Konversation in den verpflichtenden F\u00e4cherkanon aufgenommen.<br> <br><strong>1999 \u00a0\u00a0Einf\u00fchrung des Schulversuchs &#8222;Englisch als Arbeitssprache\u201c<br> <br>2000 \u00a0\u00a0Ein zweiter Informatikraum wird eingerichtet und damit begonnen, die Klassen mit Computern auszustatten.<br> <br>2001 \u00a0\u00a0Alle Klassen sind mit PCs ausgestattet.<br> <br>2002 \u00a0\u00a0der Physiksaal und die Schulk\u00fcche werden umgebaut und neu eingerichtet.<br> <br>2002 \u00a0\u00a0\u00c4nderung im Schulsprengel der Hauptschulgemeinde<br><\/strong>Durch ein Landesgesetz vom 28.12.2001 werden die Katastralgemeinden der Gemeinde Scharndorf, Regelsbrunn und Wildungsmauer dem Schulsprengel Bruck\/L zugeteilt. Dem Schulsprengel Hainburg pflichtig sind nun die Gemeinden: Hainburg, B.D. Altenburg, Berg, Haslau a. d. Donau, Hundsheim, Petronell, Prellenkirchen (Deutsch Haslau, Sch\u00f6nabrunn) und Wolfsthal.<br>Die Finanzierung der Schulen und der Hauptschulgemeinde erfolgt durch die Sprengelgemeinden, deren Beitr\u00e4ge sich nach der Zahl der die Schule besuchenden Kinder richtet. <br><br><strong>2003 \u00a0\u00a0Der Informatikraum I wird mit neuen Ger\u00e4ten ausgestattet<\/strong>. <br><br><strong>2003 &#8211; 04 \u00a0\u00a0\u00c4nderung der Stundentafel<br><\/strong>1. Klassen<br>28 Stunden (kein Nachmittag)<br>Einf\u00fchrung i. d. Informatik (U\u00dc)<br>Einf\u00fchrung d. U\u00dc Slowakisch<br> <br>2. Klasse<br>30 Stunden (1 verpflichtender Nachmittag)<br>Informatik (U\u00dc); Bildnerisches Gestalten (Kurse)<br> <br>3. und 4. Klassen<br>31 Stunden (1 verpflichtender Nachmittag)<br>Franz\u00f6sisch, Englische Konversation (Kurse),<br>Informatik (Kurse), Maschineschreiben (Kurs), <br>Ern\u00e4hrung u. Haushalt (4. Klasse; Kurs)<br><br><strong>2011 &#8211; 2012   Errichtung des neuen Turnsaals<\/strong><br>In eineinhalbj\u00e4hrigen Bauzeit wird \u00fcber dem alten Turnsaal, der zu <br>einem gro\u00dfen Gymnastiksaal umfunktioniert wird, ein neuer Turnsaal mit <br>Kletterwand und Trib\u00fcne errichtet.<br><br>In einem Festakt wird der Turnsaal am 19. 10. 2012 er\u00f6ffnet und nach dem ehemaligen Rapid- und NFL-Spieler &#8222;Wembley&#8220; Toni Fritsch aus Petronell benannt.<strong><br> <br>2012 &#8211; 13 \u00a0\u00a0NN\u00d6MS &#8211; Neue Nieder\u00f6sterreichische Mittelschule<\/strong> <br>Start der NN\u00d6MS mit den ersten Klassen im Schuljahr 2012\/13.<br>Im Rahmen der Richtlinien zur Neunen Nieder\u00f6sterreichischen Mittelschule wurde auch die Stundentafel ge\u00e4ndert:<br> <br>Die Sch\u00fcler und Sch\u00fclerinnen k\u00f6nnen nach der 2. Klasse ihren Interessen und F\u00e4higkeiten entsprechend aus drei angebotenen Schwerpunkten w\u00e4hlen:<br> <br>&#8211; Sprachlicher Schwerpunkt<br>&#8211; Naturwissenschaftlicher Schwerpunkt oder<br>&#8211; Lebenskundlicher Schwerpunkt<br> <br>Die HAK \/ HAS Bruck an der Leitha wird Partnerschule und sendet Lehrer an die NMS, die gemeinsam mit den Lehrern der NMS den Unterricht gestalten.<br> <br>Die Hauptschulklassen laufen aus. <br><br><strong>2016 <\/strong>  <strong>Brand in einem der Gymnastikr\u00e4ume der Hauptschule<\/strong><br><br><strong>2018   September <\/strong><br>Dir. Rositta K\u00f6pplinger tritt im Rahmen eines Sabbaticals das Freijahr an.<br>Betrauung der Leiterstelle mit OLNMS Bettina Sch\u00f6n.<br><br><strong>2019 September<\/strong><br>OLNMS Bettina Sch\u00f6n wird mit der Schulleitung betraut.<br><br><strong>2020 &#8211; 21 \u00a0\u00a0N\u00d6 &#8211; Nieder\u00f6sterreichische Mittelschule<\/strong> <br>Start der N\u00d6MS mit den ersten Klassen im Schuljahr 2020\/21.<br>Einf\u00fchrung von zwei Leistungsniveaus ( &#8222;Standard&#8220; und &#8222;Standard-AHS&#8220; ) mit jeweils f\u00fcnfteiliger Notenskala ab der 6. Schulstufe.<br><br><strong>Februar 2020<\/strong><br>Auftreten der Covid19 &#8211; Pandemie im Februar 2020 mit bis dato vier Lockdowns und damit verbundenen Schul- und Teilschulschlie\u00dfungen. Seither abwechselnd Unterricht im Distance-Learning, Homeschooling und Schichtbetrieb.<br><br><strong>2021 &#8211; 22<\/strong><br>Beschluss zur Teilnahme an der Aktion &#8222;Digitale Schule&#8220;<br><br><strong>2022 &#8211; 23<\/strong><br>\u00c4nderung des Lehrplans, Einf\u00fchrung des verpflichtenden Gegenstands &#8222;digi.comp &#8211; Digitale Grundbildung&#8220; in allen Schulstufen der Mittelschule und erste Ausfolgung digitaler Endger\u00e4te an die Kinder der 5. bis 7. Schulstufe.<br><br><strong>September 2023<\/strong><br>Frau OSR. Direktorin Bettina Sch\u00f6n tritt ihren Ruhestand an,<br>und Frau Direktorin Barbara Karches, BEd wird mit 1. Oktober zur Schulleiterin ernannt.<br><br><strong>2023 &#8211; 24<br><\/strong>Einf\u00fchrung des neuen Lehrplans.<\/p>\n\n\n\n<p><strong>2024 &#8211; 25<\/strong><br>Einf\u00fchrung von 3 Schwerpunktklassen (Sport, Kommunikation &amp; IT, Musik\/Kreativ) und 1 Regelklasse (ohne Schwerpunkt).<br><\/p>\n\n\n\n<div style=\"height:50px\" aria-hidden=\"true\" class=\"wp-block-spacer\"><\/div>\n\n\n\n<div style=\"height:50px\" aria-hidden=\"true\" class=\"wp-block-spacer\"><\/div>\n\n\n<div class=\"wp-block-image\">\n<figure class=\"aligncenter size-large is-resized\"><img decoding=\"async\" loading=\"lazy\" width=\"527\" height=\"435\" src=\"https:\/\/nms-hainburg.at\/wordpress\/wp-content\/uploads\/2020\/04\/chronik.jpg\" alt=\"\" class=\"wp-image-911\" style=\"width:250px;height:200px\" srcset=\"https:\/\/nms-hainburg.at\/wordpress\/wp-content\/uploads\/2020\/04\/chronik.jpg 527w, https:\/\/nms-hainburg.at\/wordpress\/wp-content\/uploads\/2020\/04\/chronik-300x248.jpg 300w\" sizes=\"(max-width: 527px) 100vw, 527px\" \/><\/figure><\/div>\n\n\n<div style=\"height:50px\" aria-hidden=\"true\" class=\"wp-block-spacer\"><\/div>\n\n\n\n<p><\/p>\n","protected":false},"excerpt":{"rendered":"<p>Die geschichtliche und organisatorische Entwicklung der Hauptschule Hainburg im \u00dcberblick. 1907 &#8211; 1908\u00a0\u00a0 Errichtung der B\u00fcrgerschule 1907 wurde mit dem Bau einer B\u00fcrgerschule f\u00fcr Knaben und M\u00e4dchen begonnen. Am 8. September 1908 wurde die Schule feierlich eingeweiht und durfte zur Erinnerung an das 60. Regierungsjubil\u00e4um des \u00f6sterreichischen Kaisers den Namen &#8222;Kaiser Franz Josef I. Jubil\u00e4ums-B\u00fcrgerschule&#8220; [&hellip;]<\/p>\n","protected":false},"author":3,"featured_media":0,"parent":0,"menu_order":0,"comment_status":"closed","ping_status":"closed","template":"","meta":{"ngg_post_thumbnail":0,"footnotes":""},"_links":{"self":[{"href":"https:\/\/nms-hainburg.at\/wordpress\/wp-json\/wp\/v2\/pages\/335"}],"collection":[{"href":"https:\/\/nms-hainburg.at\/wordpress\/wp-json\/wp\/v2\/pages"}],"about":[{"href":"https:\/\/nms-hainburg.at\/wordpress\/wp-json\/wp\/v2\/types\/page"}],"author":[{"embeddable":true,"href":"https:\/\/nms-hainburg.at\/wordpress\/wp-json\/wp\/v2\/users\/3"}],"replies":[{"embeddable":true,"href":"https:\/\/nms-hainburg.at\/wordpress\/wp-json\/wp\/v2\/comments?post=335"}],"version-history":[{"count":40,"href":"https:\/\/nms-hainburg.at\/wordpress\/wp-json\/wp\/v2\/pages\/335\/revisions"}],"predecessor-version":[{"id":4803,"href":"https:\/\/nms-hainburg.at\/wordpress\/wp-json\/wp\/v2\/pages\/335\/revisions\/4803"}],"wp:attachment":[{"href":"https:\/\/nms-hainburg.at\/wordpress\/wp-json\/wp\/v2\/media?parent=335"}],"curies":[{"name":"wp","href":"https:\/\/api.w.org\/{rel}","templated":true}]}}