{"id":325,"date":"2020-03-26T14:35:41","date_gmt":"2020-03-26T13:35:41","guid":{"rendered":"https:\/\/nms-hainburg.at\/wordpress\/?page_id=325"},"modified":"2025-10-07T09:07:14","modified_gmt":"2025-10-07T07:07:14","slug":"schulkuche","status":"publish","type":"page","link":"https:\/\/nms-hainburg.at\/wordpress\/schulkuche\/","title":{"rendered":"Schulk\u00fcche"},"content":{"rendered":"\n<p>Unsere Sch\u00fcler*innen lernen in der neu ausgestatteten Schulk\u00fcche vor allem, dass gesundes Essen auch gut schmecken kann. Es gibt zwei Kochnischen und gen\u00fcgend Platz, um sich gemeinsam zu Tisch zu setzen und ganz nebenbei, die richtigen Manieren beim Essen zu lernen. Sch\u00fcler*innen aller Schulstufen haben die M\u00f6glichkeit, sich f\u00fcr die  unverbindliche \u00dcbung \u201eKochen\u201c anzumelden.<\/p>\n\n\n\n<div style=\"height:20px\" aria-hidden=\"true\" class=\"wp-block-spacer\"><\/div>\n\n\n\n<div class=\"wp-block-columns is-layout-flex wp-container-3 wp-block-columns-is-layout-flex\">\n<div class=\"wp-block-column is-layout-flow wp-block-column-is-layout-flow\">\n<figure class=\"wp-block-image size-large\"><img decoding=\"async\" loading=\"lazy\" width=\"1024\" height=\"768\" src=\"https:\/\/nms-hainburg.at\/wordpress\/wp-content\/uploads\/2023\/12\/Kueche1-1024x768.jpg\" alt=\"\" class=\"wp-image-3786\" srcset=\"https:\/\/nms-hainburg.at\/wordpress\/wp-content\/uploads\/2023\/12\/Kueche1-1024x768.jpg 1024w, https:\/\/nms-hainburg.at\/wordpress\/wp-content\/uploads\/2023\/12\/Kueche1-300x225.jpg 300w, https:\/\/nms-hainburg.at\/wordpress\/wp-content\/uploads\/2023\/12\/Kueche1-768x576.jpg 768w, https:\/\/nms-hainburg.at\/wordpress\/wp-content\/uploads\/2023\/12\/Kueche1-1536x1152.jpg 1536w, https:\/\/nms-hainburg.at\/wordpress\/wp-content\/uploads\/2023\/12\/Kueche1-2048x1536.jpg 2048w\" sizes=\"(max-width: 1024px) 100vw, 1024px\" \/><\/figure>\n<\/div>\n\n\n\n<div class=\"wp-block-column is-layout-flow wp-block-column-is-layout-flow\">\n<figure class=\"wp-block-image size-large is-resized\"><img decoding=\"async\" loading=\"lazy\" width=\"768\" height=\"1024\" src=\"https:\/\/nms-hainburg.at\/wordpress\/wp-content\/uploads\/2023\/12\/Kueche2-768x1024.jpg\" alt=\"\" class=\"wp-image-3787\" style=\"aspect-ratio:0.75;width:344px;height:auto\" srcset=\"https:\/\/nms-hainburg.at\/wordpress\/wp-content\/uploads\/2023\/12\/Kueche2-768x1024.jpg 768w, https:\/\/nms-hainburg.at\/wordpress\/wp-content\/uploads\/2023\/12\/Kueche2-225x300.jpg 225w, https:\/\/nms-hainburg.at\/wordpress\/wp-content\/uploads\/2023\/12\/Kueche2-1152x1536.jpg 1152w, https:\/\/nms-hainburg.at\/wordpress\/wp-content\/uploads\/2023\/12\/Kueche2-1536x2048.jpg 1536w, https:\/\/nms-hainburg.at\/wordpress\/wp-content\/uploads\/2023\/12\/Kueche2-scaled.jpg 1920w\" sizes=\"(max-width: 768px) 100vw, 768px\" \/><\/figure>\n<\/div>\n<\/div>\n","protected":false},"excerpt":{"rendered":"<p>Unsere Sch\u00fcler*innen lernen in der neu ausgestatteten Schulk\u00fcche vor allem, dass gesundes Essen auch gut schmecken kann. Es gibt zwei Kochnischen und gen\u00fcgend Platz, um sich gemeinsam zu Tisch zu setzen und ganz nebenbei, die richtigen Manieren beim Essen zu lernen. Sch\u00fcler*innen aller Schulstufen haben die M\u00f6glichkeit, sich f\u00fcr die unverbindliche \u00dcbung \u201eKochen\u201c anzumelden.<\/p>\n","protected":false},"author":3,"featured_media":0,"parent":0,"menu_order":0,"comment_status":"closed","ping_status":"closed","template":"","meta":{"ngg_post_thumbnail":0,"footnotes":""},"_links":{"self":[{"href":"https:\/\/nms-hainburg.at\/wordpress\/wp-json\/wp\/v2\/pages\/325"}],"collection":[{"href":"https:\/\/nms-hainburg.at\/wordpress\/wp-json\/wp\/v2\/pages"}],"about":[{"href":"https:\/\/nms-hainburg.at\/wordpress\/wp-json\/wp\/v2\/types\/page"}],"author":[{"embeddable":true,"href":"https:\/\/nms-hainburg.at\/wordpress\/wp-json\/wp\/v2\/users\/3"}],"replies":[{"embeddable":true,"href":"https:\/\/nms-hainburg.at\/wordpress\/wp-json\/wp\/v2\/comments?post=325"}],"version-history":[{"count":6,"href":"https:\/\/nms-hainburg.at\/wordpress\/wp-json\/wp\/v2\/pages\/325\/revisions"}],"predecessor-version":[{"id":4809,"href":"https:\/\/nms-hainburg.at\/wordpress\/wp-json\/wp\/v2\/pages\/325\/revisions\/4809"}],"wp:attachment":[{"href":"https:\/\/nms-hainburg.at\/wordpress\/wp-json\/wp\/v2\/media?parent=325"}],"curies":[{"name":"wp","href":"https:\/\/api.w.org\/{rel}","templated":true}]}}