{"id":323,"date":"2020-03-26T14:35:23","date_gmt":"2020-03-26T13:35:23","guid":{"rendered":"https:\/\/nms-hainburg.at\/wordpress\/?page_id=323"},"modified":"2025-10-07T09:06:39","modified_gmt":"2025-10-07T07:06:39","slug":"physiksaal","status":"publish","type":"page","link":"https:\/\/nms-hainburg.at\/wordpress\/physiksaal\/","title":{"rendered":"Physiksaal"},"content":{"rendered":"\n<p>Unser Physiksaal wurde komplett erneuert und l\u00e4sst in Hinblick an die Anforderungen eines modernen Physik- und Chemieunterrichts keine W\u00fcnsche offen. Er bietet 26 Sch\u00fcler*innen einen Arbeitsplatz, um eigene Versuche durchf\u00fchren zu k\u00f6nnen.<\/p>\n\n\n\n<div style=\"height:40px\" aria-hidden=\"true\" class=\"wp-block-spacer\"><\/div>\n\n\n\n<div class=\"wp-block-columns is-layout-flex wp-container-3 wp-block-columns-is-layout-flex\">\n<div class=\"wp-block-column is-layout-flow wp-block-column-is-layout-flow\">\n<figure class=\"wp-block-image size-large\"><img decoding=\"async\" loading=\"lazy\" width=\"1024\" height=\"680\" src=\"https:\/\/nms-hainburg.at\/wordpress\/wp-content\/uploads\/2020\/09\/physik-brenner-1024x680.jpg\" alt=\"\" class=\"wp-image-1160\" srcset=\"https:\/\/nms-hainburg.at\/wordpress\/wp-content\/uploads\/2020\/09\/physik-brenner-1024x680.jpg 1024w, https:\/\/nms-hainburg.at\/wordpress\/wp-content\/uploads\/2020\/09\/physik-brenner-300x199.jpg 300w, https:\/\/nms-hainburg.at\/wordpress\/wp-content\/uploads\/2020\/09\/physik-brenner-768x510.jpg 768w, https:\/\/nms-hainburg.at\/wordpress\/wp-content\/uploads\/2020\/09\/physik-brenner-1536x1020.jpg 1536w, https:\/\/nms-hainburg.at\/wordpress\/wp-content\/uploads\/2020\/09\/physik-brenner-2048x1360.jpg 2048w\" sizes=\"(max-width: 1024px) 100vw, 1024px\" \/><\/figure>\n<\/div>\n\n\n\n<div class=\"wp-block-column is-layout-flow wp-block-column-is-layout-flow\">\n<figure class=\"wp-block-image size-large\"><img decoding=\"async\" loading=\"lazy\" width=\"1024\" height=\"680\" src=\"https:\/\/nms-hainburg.at\/wordpress\/wp-content\/uploads\/2020\/09\/physikversuch-1024x680.jpg\" alt=\"\" class=\"wp-image-1162\" srcset=\"https:\/\/nms-hainburg.at\/wordpress\/wp-content\/uploads\/2020\/09\/physikversuch-1024x680.jpg 1024w, https:\/\/nms-hainburg.at\/wordpress\/wp-content\/uploads\/2020\/09\/physikversuch-300x199.jpg 300w, https:\/\/nms-hainburg.at\/wordpress\/wp-content\/uploads\/2020\/09\/physikversuch-768x510.jpg 768w, https:\/\/nms-hainburg.at\/wordpress\/wp-content\/uploads\/2020\/09\/physikversuch-1536x1020.jpg 1536w, https:\/\/nms-hainburg.at\/wordpress\/wp-content\/uploads\/2020\/09\/physikversuch-2048x1360.jpg 2048w\" sizes=\"(max-width: 1024px) 100vw, 1024px\" \/><\/figure>\n<\/div>\n<\/div>\n\n\n\n<p><\/p>\n\n\n\n<figure class=\"wp-block-image size-large\"><img decoding=\"async\" loading=\"lazy\" width=\"1024\" height=\"768\" src=\"https:\/\/nms-hainburg.at\/wordpress\/wp-content\/uploads\/2023\/12\/Physik-1024x768.jpg\" alt=\"\" class=\"wp-image-3794\" srcset=\"https:\/\/nms-hainburg.at\/wordpress\/wp-content\/uploads\/2023\/12\/Physik-1024x768.jpg 1024w, https:\/\/nms-hainburg.at\/wordpress\/wp-content\/uploads\/2023\/12\/Physik-300x225.jpg 300w, https:\/\/nms-hainburg.at\/wordpress\/wp-content\/uploads\/2023\/12\/Physik-768x576.jpg 768w, https:\/\/nms-hainburg.at\/wordpress\/wp-content\/uploads\/2023\/12\/Physik-1536x1152.jpg 1536w, https:\/\/nms-hainburg.at\/wordpress\/wp-content\/uploads\/2023\/12\/Physik-2048x1536.jpg 2048w\" sizes=\"(max-width: 1024px) 100vw, 1024px\" \/><\/figure>\n","protected":false},"excerpt":{"rendered":"<p>Unser Physiksaal wurde komplett erneuert und l\u00e4sst in Hinblick an die Anforderungen eines modernen Physik- und Chemieunterrichts keine W\u00fcnsche offen. Er bietet 26 Sch\u00fcler*innen einen Arbeitsplatz, um eigene Versuche durchf\u00fchren zu k\u00f6nnen.<\/p>\n","protected":false},"author":3,"featured_media":0,"parent":0,"menu_order":0,"comment_status":"closed","ping_status":"closed","template":"","meta":{"ngg_post_thumbnail":0,"footnotes":""},"_links":{"self":[{"href":"https:\/\/nms-hainburg.at\/wordpress\/wp-json\/wp\/v2\/pages\/323"}],"collection":[{"href":"https:\/\/nms-hainburg.at\/wordpress\/wp-json\/wp\/v2\/pages"}],"about":[{"href":"https:\/\/nms-hainburg.at\/wordpress\/wp-json\/wp\/v2\/types\/page"}],"author":[{"embeddable":true,"href":"https:\/\/nms-hainburg.at\/wordpress\/wp-json\/wp\/v2\/users\/3"}],"replies":[{"embeddable":true,"href":"https:\/\/nms-hainburg.at\/wordpress\/wp-json\/wp\/v2\/comments?post=323"}],"version-history":[{"count":10,"href":"https:\/\/nms-hainburg.at\/wordpress\/wp-json\/wp\/v2\/pages\/323\/revisions"}],"predecessor-version":[{"id":4808,"href":"https:\/\/nms-hainburg.at\/wordpress\/wp-json\/wp\/v2\/pages\/323\/revisions\/4808"}],"wp:attachment":[{"href":"https:\/\/nms-hainburg.at\/wordpress\/wp-json\/wp\/v2\/media?parent=323"}],"curies":[{"name":"wp","href":"https:\/\/api.w.org\/{rel}","templated":true}]}}