{"id":289,"date":"2020-03-26T14:16:11","date_gmt":"2020-03-26T13:16:11","guid":{"rendered":"https:\/\/nms-hainburg.at\/wordpress\/?page_id=289"},"modified":"2025-10-07T08:39:00","modified_gmt":"2025-10-07T06:39:00","slug":"bo-standortkonzept","status":"publish","type":"page","link":"https:\/\/nms-hainburg.at\/wordpress\/bo-standortkonzept\/","title":{"rendered":"IBOBB und BO Standortkonzept"},"content":{"rendered":"\n<p><strong>IBOBB bedeutet Information &#8211; Beratung &#8211; Orientierung f\u00fcr Bildung und Beruf<br><\/strong>Die im Standortkonzept festgehaltenen IBOBB-Ma\u00dfnahmen garantieren am Schulstandort durch enge Zusammenarbeit von BO-Lehrern mit dem Sch\u00fclerberater und den unterrichtenden Lehrern beste Rahmenbedingungen zum Erwerb von Wissen \u00fcber pers\u00f6nliche F\u00e4higkeiten, Ausbildungsm\u00f6glichkeiten und Berufen aller Bildungsstufen.<br><br><strong>Sch\u00fcler- und Bildungsberater System- und Laufbahnberatung<br><\/strong>Der Sch\u00fcler- und Bildungsberater informiert \u00fcber Ausbildungsm\u00f6glichkeiten nach der 8. Schulstufe.<br>Die Sch\u00fcler*innen werden weiters \u00fcber Bildungswege, deren Eingangsvoraussetzungen und zu erlangende Abschlussqualifikationen informiert. Diese Informationen erfolgen in Form von Vortr\u00e4gen, Schul- und Berufsvorstellungen an der Schule und Elternabenden, aber auch durch Weiterleitung von Informationsmaterial, durch den Besuch von Schul- und Berufsinformationsmessen, Exkursionen und Betriebsbesichtigungen.<br>Dar\u00fcber hinaus bietet der Sch\u00fclerberater Sch\u00fclern und deren Eltern individuelle Beratung an, um Fragen zur Laufbahn und anderen pers\u00f6nlichen Problemen zu kl\u00e4ren.<br>Sch\u00fcler- und Bildungsberater sollen auch am Schulstandort eine erste Anlaufstelle, ein Gespr\u00e4chspartner f\u00fcr Sch\u00fcler*innen mit Problemen sein.<br>Alle Gespr\u00e4che mit dem Sch\u00fclerberater basieren auf Prinzip der Freiwilligkeit.<br><br><strong>Berufsorientierung &#8211; Berufsorientierungslehrer<br><\/strong>Im Berufsorientierungsunterricht werden Wissen und Erfahrungen rund um die Berufslandschaft in \u00d6sterreich und das \u00f6sterreichische Bildungswesen vermittelt und Impulse zur pers\u00f6nlichen Auseinandersetzung mit Fragen der Berufs- und Bildungswahl gegeben. Die Teilnahme am Berufsorientierungsunterricht ist im Rahmen der Schulautonomie verpflichtend. <br><\/p>\n\n\n\n<div style=\"height:20px\" aria-hidden=\"true\" class=\"wp-block-spacer\"><\/div>\n\n\n<div class=\"wp-block-image\">\n<figure class=\"aligncenter size-large is-resized\"><img decoding=\"async\" loading=\"lazy\" width=\"852\" height=\"515\" src=\"https:\/\/nms-hainburg.at\/wordpress\/wp-content\/uploads\/2020\/03\/hp-bo-ecke-II.jpg\" alt=\"\" class=\"wp-image-627\" style=\"width:302px;height:182px\" srcset=\"https:\/\/nms-hainburg.at\/wordpress\/wp-content\/uploads\/2020\/03\/hp-bo-ecke-II.jpg 852w, https:\/\/nms-hainburg.at\/wordpress\/wp-content\/uploads\/2020\/03\/hp-bo-ecke-II-300x181.jpg 300w, https:\/\/nms-hainburg.at\/wordpress\/wp-content\/uploads\/2020\/03\/hp-bo-ecke-II-768x464.jpg 768w\" sizes=\"(max-width: 852px) 100vw, 852px\" \/><figcaption class=\"wp-element-caption\">BO &#8211; Informationsecke<\/figcaption><\/figure><\/div>\n\n\n<h2 class=\"wp-block-heading\">Standortkonzept<\/h2>\n\n\n\n<figure class=\"wp-block-table is-style-regular\"><table  class=\" table table-hover\" ><tbody><tr><td><strong>IBOBB Team<\/strong>  <br><br><strong>Schulleitung<\/strong> <br>Direktorin KARCHES Barbara, BEd<br><br><strong>BO-Kordinator*innen<\/strong> <br>D\u00d6LZER Sabine BEd<br><br><strong>BO-Lehrer*innen<\/strong><br>D\u00d6LZER Sabine BEd<br><br><strong>Sch\u00fclerberater <\/strong>   <br>D\u00d6LZER Sabine BEd<br><\/td><\/tr><tr><td>Beratungsstunde: Donnerstag, 4. Std. Bitte um vorherige Terminvereinbarung<\/td><\/tr><tr><td><br><\/td><\/tr><\/tbody><\/table><\/figure>\n\n\n\n<div style=\"height:30px\" aria-hidden=\"true\" class=\"wp-block-spacer\"><\/div>\n\n\n<div class=\"wp-block-image\">\n<figure class=\"aligncenter size-large is-resized\"><img decoding=\"async\" loading=\"lazy\" width=\"1024\" height=\"516\" src=\"https:\/\/nms-hainburg.at\/wordpress\/wp-content\/uploads\/2020\/04\/ibobb-1024x516.jpg\" alt=\"\" class=\"wp-image-922\" style=\"width:392px;height:200px\" srcset=\"https:\/\/nms-hainburg.at\/wordpress\/wp-content\/uploads\/2020\/04\/ibobb-1024x516.jpg 1024w, https:\/\/nms-hainburg.at\/wordpress\/wp-content\/uploads\/2020\/04\/ibobb-300x151.jpg 300w, https:\/\/nms-hainburg.at\/wordpress\/wp-content\/uploads\/2020\/04\/ibobb-768x387.jpg 768w, https:\/\/nms-hainburg.at\/wordpress\/wp-content\/uploads\/2020\/04\/ibobb.jpg 1190w\" sizes=\"(max-width: 1024px) 100vw, 1024px\" \/><\/figure><\/div>\n\n\n<div style=\"height:30px\" aria-hidden=\"true\" class=\"wp-block-spacer\"><\/div>\n","protected":false},"excerpt":{"rendered":"<p>IBOBB bedeutet Information &#8211; Beratung &#8211; Orientierung f\u00fcr Bildung und BerufDie im Standortkonzept festgehaltenen IBOBB-Ma\u00dfnahmen garantieren am Schulstandort durch enge Zusammenarbeit von BO-Lehrern mit dem Sch\u00fclerberater und den unterrichtenden Lehrern beste Rahmenbedingungen zum Erwerb von Wissen \u00fcber pers\u00f6nliche F\u00e4higkeiten, Ausbildungsm\u00f6glichkeiten und Berufen aller Bildungsstufen. Sch\u00fcler- und Bildungsberater System- und LaufbahnberatungDer Sch\u00fcler- und Bildungsberater informiert \u00fcber [&hellip;]<\/p>\n","protected":false},"author":3,"featured_media":0,"parent":0,"menu_order":0,"comment_status":"closed","ping_status":"closed","template":"","meta":{"ngg_post_thumbnail":0,"footnotes":""},"_links":{"self":[{"href":"https:\/\/nms-hainburg.at\/wordpress\/wp-json\/wp\/v2\/pages\/289"}],"collection":[{"href":"https:\/\/nms-hainburg.at\/wordpress\/wp-json\/wp\/v2\/pages"}],"about":[{"href":"https:\/\/nms-hainburg.at\/wordpress\/wp-json\/wp\/v2\/types\/page"}],"author":[{"embeddable":true,"href":"https:\/\/nms-hainburg.at\/wordpress\/wp-json\/wp\/v2\/users\/3"}],"replies":[{"embeddable":true,"href":"https:\/\/nms-hainburg.at\/wordpress\/wp-json\/wp\/v2\/comments?post=289"}],"version-history":[{"count":41,"href":"https:\/\/nms-hainburg.at\/wordpress\/wp-json\/wp\/v2\/pages\/289\/revisions"}],"predecessor-version":[{"id":4801,"href":"https:\/\/nms-hainburg.at\/wordpress\/wp-json\/wp\/v2\/pages\/289\/revisions\/4801"}],"wp:attachment":[{"href":"https:\/\/nms-hainburg.at\/wordpress\/wp-json\/wp\/v2\/media?parent=289"}],"curies":[{"name":"wp","href":"https:\/\/api.w.org\/{rel}","templated":true}]}}