{"id":268,"date":"2020-03-26T12:45:20","date_gmt":"2020-03-26T11:45:20","guid":{"rendered":"https:\/\/nms-hainburg.at\/wordpress\/?page_id=268"},"modified":"2025-12-04T10:20:08","modified_gmt":"2025-12-04T09:20:08","slug":"klassenvorstande","status":"publish","type":"page","link":"https:\/\/nms-hainburg.at\/wordpress\/klassenvorstande\/","title":{"rendered":"Klassenvorst\u00e4nde im Schuljahr 2025 &#8211; 2026"},"content":{"rendered":"\n<div style=\"height:20px\" aria-hidden=\"true\" class=\"wp-block-spacer\"><\/div>\n\n\n\n<figure class=\"wp-block-table\"><table  class=\" table table-hover\" ><tbody><tr><td><strong>1. Klassen<\/strong><\/td><td><strong>Klassenvorst\u00e4nde<\/strong><\/td><td><strong>Co-Klassenvorst\u00e4nde<\/strong><\/td><\/tr><tr><td>1 a<\/td><td>REHBERGER Ina<\/td><td><\/td><\/tr><tr><td>1 b<\/td><td>MARTINETZ Julia<\/td><td><\/td><\/tr><tr><td>1 c<\/td><td>PANZER Karin<\/td><td><\/td><\/tr><tr><td>1 d<\/td><td>H\u00d6FERL-MARHOLD Olivia<\/td><td><\/td><\/tr><tr><td><strong>2. Klassen<\/strong><\/td><td><strong>Klassenvorst\u00e4nde<\/strong><\/td><td><strong>Co-Klassenvorst\u00e4nde<\/strong><\/td><\/tr><tr><td>2 a<\/td><td>WAGNER Clemens<\/td><td>PIMPEL Barbara<\/td><\/tr><tr><td>2 b<\/td><td>NUSSBAUMER Evamaria<\/td><td><\/td><\/tr><tr><td>2 c<\/td><td>PUTZ Bianca<\/td><td><\/td><\/tr><tr><td>2 d<\/td><td>D\u00d6LZER Sabine<\/td><td>PAUER Michael<\/td><\/tr><tr><td><strong>3. Klassen<\/strong><\/td><td><strong>Klassenvorst\u00e4nde<\/strong><\/td><td><strong>Co-Klassenvorst\u00e4nde<\/strong><\/td><\/tr><tr><td>3 a<\/td><td>R\u00dcTTGERS Kathrin<\/td><td><\/td><\/tr><tr><td>3 b<\/td><td>SMITH Michelle<\/td><td>PAUER Michael<\/td><\/tr><tr><td>3 c<\/td><td>KAMMLANDER-SCHL\u00d6GL Beate<\/td><td><\/td><\/tr><tr><td>3d<\/td><td>PADELEK Michelle<\/td><td><\/td><\/tr><tr><td><strong>4. Klassen<\/strong><\/td><td><strong>Klassenvorst\u00e4nde<\/strong><\/td><td> <strong>Co-Klassenvorst\u00e4nde<\/strong> <\/td><\/tr><tr><td>4 a<\/td><td>LINKE Claudia<\/td><td><\/td><\/tr><tr><td>4 b<\/td><td>BODOR Natalia<\/td><td><\/td><\/tr><tr><td>4 c<\/td><td>ANDROSCH Irene<\/td><td>ZANGL Gerald<\/td><\/tr><\/tbody><\/table><\/figure>\n\n\n<div class=\"wp-block-image\">\n<figure class=\"aligncenter size-large is-resized\"><img decoding=\"async\" loading=\"lazy\" width=\"585\" height=\"484\" src=\"https:\/\/nms-hainburg.at\/wordpress\/wp-content\/uploads\/2020\/04\/klassenvorst\u00e4nde-III.jpg\" alt=\"\" class=\"wp-image-879\" style=\"width:303px;height:250px\" srcset=\"https:\/\/nms-hainburg.at\/wordpress\/wp-content\/uploads\/2020\/04\/klassenvorst\u00e4nde-III.jpg 585w, https:\/\/nms-hainburg.at\/wordpress\/wp-content\/uploads\/2020\/04\/klassenvorst\u00e4nde-III-300x248.jpg 300w\" sizes=\"(max-width: 585px) 100vw, 585px\" \/><\/figure><\/div>\n\n\n<p><\/p>\n","protected":false},"excerpt":{"rendered":"<p>1. Klassen Klassenvorst\u00e4nde Co-Klassenvorst\u00e4nde 1 a REHBERGER Ina 1 b MARTINETZ Julia 1 c PANZER Karin 1 d H\u00d6FERL-MARHOLD Olivia 2. Klassen Klassenvorst\u00e4nde Co-Klassenvorst\u00e4nde 2 a WAGNER Clemens PIMPEL Barbara 2 b NUSSBAUMER Evamaria 2 c PUTZ Bianca 2 d D\u00d6LZER Sabine PAUER Michael 3. Klassen Klassenvorst\u00e4nde Co-Klassenvorst\u00e4nde 3 a R\u00dcTTGERS Kathrin 3 b SMITH [&hellip;]<\/p>\n","protected":false},"author":3,"featured_media":0,"parent":0,"menu_order":0,"comment_status":"closed","ping_status":"closed","template":"","meta":{"ngg_post_thumbnail":0,"footnotes":""},"_links":{"self":[{"href":"https:\/\/nms-hainburg.at\/wordpress\/wp-json\/wp\/v2\/pages\/268"}],"collection":[{"href":"https:\/\/nms-hainburg.at\/wordpress\/wp-json\/wp\/v2\/pages"}],"about":[{"href":"https:\/\/nms-hainburg.at\/wordpress\/wp-json\/wp\/v2\/types\/page"}],"author":[{"embeddable":true,"href":"https:\/\/nms-hainburg.at\/wordpress\/wp-json\/wp\/v2\/users\/3"}],"replies":[{"embeddable":true,"href":"https:\/\/nms-hainburg.at\/wordpress\/wp-json\/wp\/v2\/comments?post=268"}],"version-history":[{"count":47,"href":"https:\/\/nms-hainburg.at\/wordpress\/wp-json\/wp\/v2\/pages\/268\/revisions"}],"predecessor-version":[{"id":5000,"href":"https:\/\/nms-hainburg.at\/wordpress\/wp-json\/wp\/v2\/pages\/268\/revisions\/5000"}],"wp:attachment":[{"href":"https:\/\/nms-hainburg.at\/wordpress\/wp-json\/wp\/v2\/media?parent=268"}],"curies":[{"name":"wp","href":"https:\/\/api.w.org\/{rel}","templated":true}]}}