{"id":227,"date":"2020-03-25T18:43:58","date_gmt":"2020-03-25T17:43:58","guid":{"rendered":"https:\/\/nms-hainburg.at\/wordpress\/?page_id=227"},"modified":"2022-11-03T11:24:28","modified_gmt":"2022-11-03T10:24:28","slug":"hausordnung","status":"publish","type":"page","link":"https:\/\/nms-hainburg.at\/wordpress\/hausordnung\/","title":{"rendered":"Schul- und Hausordnung"},"content":{"rendered":"\n<p><\/p>\n\n\n\n<p class=\"has-text-align-center\"><strong>Eine Gemeinschaft funktioniert nur, wenn alle R\u00fccksicht nehmen!<\/strong><\/p>\n\n\n\n<p class=\"has-text-align-center\"><strong>Folgende Regeln sollen daher in unser aller Interesse eingehalten werden.<\/strong><br><br><\/p>\n\n\n\n<ol type=\"1\">\n<li>Ich darf das Schulhaus erst um 7.35 Uhr betreten. Komme ich mit dem Bus oder Zug, darf ich ab 7.10 Uhr in der Aula warten. Nach dem Unterricht verlasse ich sofort die Schule.<br><br><\/li>\n\n\n\n<li>Ich bin p\u00fcnktlich, h\u00f6flich, respektvoll und gr\u00fc\u00dfe in der Fr\u00fch.<br><br><\/li>\n\n\n\n<li>Ich trage im Schulhaus immer Hausschuhe. Turnschuhe sind keine Hausschuhe.<br><br><\/li>\n\n\n\n<li>Ich besuche den Unterricht in angemessener Kleidung \u2013 keine freiz\u00fcgige Kleidung, keine Jogginghosen.<br><br><\/li>\n\n\n\n<li>Ich verwahre Geld, Wertsachen und mein ausgeschaltetes Handy in meinem Spind.<br><br><\/li>\n\n\n\n<li>Die Schule \u00fcbernimmt f\u00fcr abhanden gekommene und kaputt gemachte Wertsachen keine Haftung.<br><br><\/li>\n\n\n\n<li>Gef\u00e4hrliche Gegenst\u00e4nde, Dosen und Kaugummis sind am Schulgel\u00e4nde verboten.<br><br><\/li>\n\n\n\n<li>Ich besch\u00e4dige keine Einrichtungsgegenst\u00e4nde oder Schulsachen.<br><br><\/li>\n\n\n\n<li>Ich achte auf Sauberkeit und Ordnung.<br><br><\/li>\n\n\n\n<li>Ich beachte die Klassenregeln und die Pausenordnung.<br><br><\/li>\n\n\n\n<li>Krankmeldungen\u00a0sind vor dem Unterricht dem jeweiligen Klassenvorstand per Schoolfox zu \u00fcbermitteln.<br><br><\/li>\n\n\n\n<li>Ab dem dritten Fehltag sind \u00e4rztliche Best\u00e4tigungen vorzulegen.<br><br><\/li>\n\n\n\n<li>Schulfremde Personen d\u00fcrfen nur nach telefonischer Terminvereinbarung das Schulhaus betreten und haben sich in der Direktion zu melden.<br><br><\/li>\n\n\n\n<li>W\u00e4hrend des Unterrichts darf das Schulgeb\u00e4ude nicht verlassen werden. Ausnahme ist die Mittagsaufsicht mit schriftlicher Einverst\u00e4ndniserkl\u00e4rung der Erziehungsberechtigten.<br><br><\/li>\n\n\n\n<li>Erziehungsberechtige sind f\u00fcr die Beschaffung und Mitnahme der Unterrichtsmaterialien laut Einkaufsliste und Stundenplan verantwortlich. Fehlendes (auch Schulb\u00fccher und B\u00fccher der Bibliothek) muss unverz\u00fcglich ersetzt werden.<br><br><\/li>\n\n\n\n<li>Die gesetzlichen Bestimmungen des Jugendschutzes gelten sowohl in der Schule als auch bei Schulveranstaltungen.<br><br><\/li>\n\n\n\n<li>Bei verbalen Entgleisungen sowie Eigen- oder Fremdgef\u00e4hrdung werden die Eltern informiert und der\/die Sch\u00fcler*in muss unverz\u00fcglich abgeholt werden.<br><br><\/li>\n<\/ol>\n\n\n\n<p class=\"has-text-align-center\">Direktion und Lehrer*innenteam der Mittelschule Hainburg<br><\/p>\n\n\n\n<p><\/p>\n\n\n<div class=\"wp-block-image\">\n<figure class=\"aligncenter size-full is-resized\"><img decoding=\"async\" src=\"https:\/\/nms-hainburg.at\/wordpress\/wp-content\/uploads\/2020\/04\/hausordnung-II-1.jpg\" alt=\"\" class=\"wp-image-891\" width=\"200\" srcset=\"https:\/\/nms-hainburg.at\/wordpress\/wp-content\/uploads\/2020\/04\/hausordnung-II-1.jpg 645w, https:\/\/nms-hainburg.at\/wordpress\/wp-content\/uploads\/2020\/04\/hausordnung-II-1-300x228.jpg 300w\" sizes=\"(max-width: 645px) 100vw, 645px\" \/><\/figure><\/div>","protected":false},"excerpt":{"rendered":"<p>Eine Gemeinschaft funktioniert nur, wenn alle R\u00fccksicht nehmen! Folgende Regeln sollen daher in unser aller Interesse eingehalten werden. Direktion und Lehrer*innenteam der Mittelschule Hainburg<\/p>\n","protected":false},"author":3,"featured_media":0,"parent":0,"menu_order":0,"comment_status":"closed","ping_status":"closed","template":"","meta":{"ngg_post_thumbnail":0,"footnotes":""},"_links":{"self":[{"href":"https:\/\/nms-hainburg.at\/wordpress\/wp-json\/wp\/v2\/pages\/227"}],"collection":[{"href":"https:\/\/nms-hainburg.at\/wordpress\/wp-json\/wp\/v2\/pages"}],"about":[{"href":"https:\/\/nms-hainburg.at\/wordpress\/wp-json\/wp\/v2\/types\/page"}],"author":[{"embeddable":true,"href":"https:\/\/nms-hainburg.at\/wordpress\/wp-json\/wp\/v2\/users\/3"}],"replies":[{"embeddable":true,"href":"https:\/\/nms-hainburg.at\/wordpress\/wp-json\/wp\/v2\/comments?post=227"}],"version-history":[{"count":14,"href":"https:\/\/nms-hainburg.at\/wordpress\/wp-json\/wp\/v2\/pages\/227\/revisions"}],"predecessor-version":[{"id":3146,"href":"https:\/\/nms-hainburg.at\/wordpress\/wp-json\/wp\/v2\/pages\/227\/revisions\/3146"}],"wp:attachment":[{"href":"https:\/\/nms-hainburg.at\/wordpress\/wp-json\/wp\/v2\/media?parent=227"}],"curies":[{"name":"wp","href":"https:\/\/api.w.org\/{rel}","templated":true}]}}